{"id":276,"date":"2025-01-24T01:51:12","date_gmt":"2025-01-24T00:51:12","guid":{"rendered":"https:\/\/steyli.com\/estate\/?page_id=276"},"modified":"2025-01-24T01:53:06","modified_gmt":"2025-01-24T00:53:06","slug":"france-eze","status":"publish","type":"page","link":"https:\/\/steyli.com\/estate\/france-eze","title":{"rendered":"France-\u00c8ze"},"content":{"rendered":"\t\t<div data-elementor-type=\"wp-page\" data-elementor-id=\"276\" class=\"elementor elementor-276\">\n\t\t\t\t<div class=\"elementor-element elementor-element-40c4a4c e-flex e-con-boxed e-con e-parent\" data-id=\"40c4a4c\" data-element_type=\"container\">\n\t\t\t\t\t<div class=\"e-con-inner\">\n\t\t<div class=\"elementor-element elementor-element-dd6a826 e-con-full e-flex e-con e-child\" data-id=\"dd6a826\" data-element_type=\"container\">\n\t\t\t\t<div class=\"elementor-element elementor-element-752fe10 elementor-widget elementor-widget-heading\" data-id=\"752fe10\" data-element_type=\"widget\" data-widget_type=\"heading.default\">\n\t\t\t\t<div class=\"elementor-widget-container\">\n\t\t\t\t\t<h2 class=\"elementor-heading-title elementor-size-default\">\u00c8ze Region<\/h2>\t\t\t\t<\/div>\n\t\t\t\t<\/div>\n\t\t\t\t<div class=\"elementor-element elementor-element-3c3ab67 elementor-widget elementor-widget-text-editor\" data-id=\"3c3ab67\" data-element_type=\"widget\" data-widget_type=\"text-editor.default\">\n\t\t\t\t<div class=\"elementor-widget-container\">\n\t\t\t\t\t\t\t\t\t<p>Nestled along the French Riviera between Nice and Monaco, \u00c8ze is a picturesque medieval village renowned for its stunning clifftop location and breathtaking views of the Mediterranean Sea. This enchanting destination blends historical charm with the allure of the C\u00f4te d\u2019Azur, offering a serene escape from the bustling neighboring cities. The narrow, cobbled streets of \u00c8ze are lined with quaint stone houses, artisan boutiques, and fragrant gardens, including the world-famous Jardin Exotique, which boasts panoramic vistas of the coastline.<\/p><p>\u00c8ze is steeped in history, with its roots tracing back to the Phoenician and Roman eras.\u00a0<\/p><p>Surrounded by pristine nature, \u00c8ze offers an idyllic setting for outdoor enthusiasts. Hiking trails like the Nietzsche Path wind through verdant landscapes, leading adventurers from the village down to the azure waters of the Mediterranean. With its proximity to Monaco, Nice, and Saint-Jean-Cap-Ferrat, \u00c8ze enjoys easy access to world-class cultural, dining, and shopping opportunities.<\/p><p>Living in \u00c8ze provides the perfect blend of tranquility, natural beauty, and luxury. It is a coveted destination for those seeking a peaceful retreat while remaining connected to the vibrancy of the C\u00f4te d\u2019Azur.<\/p>\t\t\t\t\t\t\t\t<\/div>\n\t\t\t\t<\/div>\n\t\t\t\t<div class=\"elementor-element elementor-element-f954339 elementor-widget elementor-widget-button\" data-id=\"f954339\" data-element_type=\"widget\" data-widget_type=\"button.default\">\n\t\t\t\t<div class=\"elementor-widget-container\">\n\t\t\t\t\t\t\t\t\t<div class=\"elementor-button-wrapper\">\n\t\t\t\t\t<a class=\"elementor-button elementor-size-sm\" role=\"button\">\n\t\t\t\t\t\t<span class=\"elementor-button-content-wrapper\">\n\t\t\t\t\t\t\t\t\t<span class=\"elementor-button-text\">Book a call<\/span>\n\t\t\t\t\t<\/span>\n\t\t\t\t\t<\/a>\n\t\t\t\t<\/div>\n\t\t\t\t\t\t\t\t<\/div>\n\t\t\t\t<\/div>\n\t\t\t\t<\/div>\n\t\t<div class=\"elementor-element elementor-element-30dc875 e-con-full e-flex e-con e-child\" data-id=\"30dc875\" data-element_type=\"container\">\n\t\t\t\t<div class=\"elementor-element elementor-element-937549e elementor-widget elementor-widget-image\" data-id=\"937549e\" data-element_type=\"widget\" data-widget_type=\"image.default\">\n\t\t\t\t<div class=\"elementor-widget-container\">\n\t\t\t\t\t\t\t\t\t\t\t\t\t\t\t<img fetchpriority=\"high\" decoding=\"async\" width=\"1000\" height=\"580\" src=\"https:\/\/steyli.com\/estate\/wp-content\/uploads\/2025\/01\/provincealicante.png\" class=\"attachment-large size-large wp-image-191\" alt=\"\" srcset=\"https:\/\/steyli.com\/estate\/wp-content\/uploads\/2025\/01\/provincealicante.png 1000w, https:\/\/steyli.com\/estate\/wp-content\/uploads\/2025\/01\/provincealicante-300x174.png 300w, https:\/\/steyli.com\/estate\/wp-content\/uploads\/2025\/01\/provincealicante-768x445.png 768w, https:\/\/steyli.com\/estate\/wp-content\/uploads\/2025\/01\/provincealicante-600x348.png 600w\" sizes=\"(max-width: 1000px) 100vw, 1000px\" \/>\t\t\t\t\t\t\t\t\t\t\t\t\t\t\t<\/div>\n\t\t\t\t<\/div>\n\t\t\t\t<\/div>\n\t\t\t\t\t<\/div>\n\t\t\t\t<\/div>\n\t\t<div class=\"elementor-element elementor-element-20b2082 e-flex e-con-boxed e-con e-parent\" data-id=\"20b2082\" data-element_type=\"container\">\n\t\t\t\t\t<div class=\"e-con-inner\">\n\t\t\t\t<div class=\"elementor-element elementor-element-4182e14 elementor-widget elementor-widget-heading\" data-id=\"4182e14\" data-element_type=\"widget\" data-widget_type=\"heading.default\">\n\t\t\t\t<div class=\"elementor-widget-container\">\n\t\t\t\t\t<h2 class=\"elementor-heading-title elementor-size-default\">Detected Opportunities <\/h2>\t\t\t\t<\/div>\n\t\t\t\t<\/div>\n\t\t\t\t<div class=\"elementor-element elementor-element-749954b elementor-widget elementor-widget-case27-listing-feed-widget\" data-id=\"749954b\" data-element_type=\"widget\" data-widget_type=\"case27-listing-feed-widget.default\">\n\t\t\t\t<div class=\"elementor-widget-container\">\n\t\t\t\t\t\r\n\t<section class=\"i-section listing-feed \">\r\n\t\t<div class=\"container-fluid\">\r\n\t\t\t<div class=\"row section-body grid\">\r\n\t\t\t\t\t\t\t\t\t<div class=\"col-lg-4 col-md-4 col-sm-6 col-xs-12 grid-item\"><div\r\n    class=\"lf-item-container listing-preview type-for-sale  post-224 job_listing type-job_listing status-publish hentry job_listing_category-land-for-sale region-cote-dazur region-saint-tropez case27_job_listing_tags-france lf-small-height c27-verified has-logo has-tagline has-info-fields level-normal priority-0\"\r\n    data-id=\"listing-id-224\"\r\n        data-category-icon=\"\t\t\t&lt;i class=&quot;mi bookmark_border&quot; style=&quot;color: #fff; background: #0a0101; &quot;&gt;&lt;\/i&gt;\r\n\t\t\"\r\n    data-category-color=\"#0a0101\"\r\n    data-category-text-color=\"#fff\"\r\n        data-thumbnail=\"https:\/\/steyli.com\/estate\/wp-content\/uploads\/2025\/01\/steyliimgg.png\"\r\n    data-template=\"default\"\r\n    data-locations=\"false\"\r\n>\r\n<div class=\"lf-item lf-item-default\" data-template=\"default\">\r\n    <a href=\"https:\/\/steyli.com\/estate\/listing\/land-cote-dazur-saint-tropez\/\">\r\n\r\n        <div class=\"overlay\" style=\"\r\n    background-color: #242429;\r\n    opacity: 0.2;\r\n\"><\/div>\r\n        \r\n                    <div class=\"lf-background\" style=\"background-image: url('https:\/\/steyli.com\/estate\/wp-content\/uploads\/2025\/02\/saint-tropez-768x0.png');\"><\/div>\r\n        \r\n        <div class=\"lf-item-info\">\r\n                            <div class=\"lf-avatar\" style=\"background-image: url('https:\/\/steyli.com\/estate\/wp-content\/uploads\/2025\/01\/steyliimgg.png')\"><\/div>\r\n            \r\n            <h4 class=\"case27-primary-text listing-preview-title\">\r\n                Land Cote d'Azur, Saint Tropez                                    <img decoding=\"async\" height=\"18\" width=\"18\" alt=\"Verified listing\" class=\"verified-listing\" src=\"https:\/\/steyli.com\/estate\/wp-content\/themes\/my-listing\/assets\/images\/tick.svg\">\r\n                            <\/h4>\r\n\r\n            \r\n<ul class=\"lf-contact\">\r\n\t<\/ul>\r\n        <\/div>\r\n\r\n        <div class=\"lf-head level-normal\">\r\n    \r\n    <\/div>    <\/a>\r\n\r\n    <\/div>\r\n\r\n        <div class=\"listing-details-3 c27-footer-section\">\r\n            <ul class=\"details-list\">\r\n                            <\/ul>\r\n        <\/div>\r\n                <div class=\"listing-details actions c27-footer-section\">\r\n                <div class=\"ld-info\">\r\n                    <ul>\r\n                                                    <li class=\"item-preview\" data-toggle=\"tooltip\" data-placement=\"top\" data-original-title=\"Quick view\">\r\n    <a aria-label=\"Quick view button\" href=\"#\" type=\"button\" class=\"c27-toggle-quick-view-modal\" data-id=\"224\">\r\n    \t<i class=\"mi zoom_in\"><\/i>\r\n    <\/a>\r\n<\/li>                                                                            <li data-toggle=\"tooltip\" data-placement=\"top\" title=\"\" data-original-title=\"Bookmark\">\r\n    <a aria-label=\"Bookmark button\" href=\"#\" class=\"c27-bookmark-button \"\r\n       data-listing-id=\"224\" onclick=\"MyListing.Handlers.Bookmark_Button(event, this)\">\r\n       <i class=\"mi favorite_border\"><\/i>\r\n    <\/a>\r\n<\/li>                                                                    <\/ul>\r\n                <\/div>\r\n            <\/div>\r\n            <\/div>\r\n<\/div>\t\t\t\t\t\t\t<\/div>\r\n\t\t<\/div>\r\n\t<\/section>\r\n\r\n\t\t\t\t<\/div>\n\t\t\t\t<\/div>\n\t\t\t\t\t<\/div>\n\t\t\t\t<\/div>\n\t\t\t\t<\/div>\n\t\t","protected":false},"excerpt":{"rendered":"<p>\u00c8ze Region Nestled along the French Riviera between Nice and Monaco, \u00c8ze is a picturesque medieval village renowned for its stunning clifftop location and breathtaking views of the Mediterranean Sea. This enchanting destination blends historical charm with the allure of the C\u00f4te d\u2019Azur, offering a serene escape from the bustling neighboring cities. The narrow, cobbled [&hellip;]<\/p>\n","protected":false},"author":1,"featured_media":0,"parent":0,"menu_order":0,"comment_status":"closed","ping_status":"closed","template":"elementor_header_footer","meta":{"footnotes":""},"class_list":["post-276","page","type-page","status-publish","hentry"],"yoast_head":"<!-- This site is optimized with the Yoast SEO plugin v24.3 - https:\/\/yoast.com\/wordpress\/plugins\/seo\/ -->\n<title>Buy Land in Cote d&#039;Azur-\u00c8ze C\u00f4te d&#039;Azur | Find The Best Opportunities<\/title>\n<meta name=\"description\" content=\"Buy Land and Build a Villa in \u00c8ze exceptional district of Cote d&#039;Azur offering a unique setting and incredible opportunities.\" \/>\n<meta name=\"robots\" content=\"index, follow, max-snippet:-1, max-image-preview:large, max-video-preview:-1\" \/>\n<link rel=\"canonical\" href=\"https:\/\/steyli.com\/estate\/france-eze\" \/>\n<meta property=\"og:locale\" content=\"en_US\" \/>\n<meta property=\"og:type\" content=\"article\" \/>\n<meta property=\"og:title\" content=\"Buy Land in Cote d&#039;Azur-\u00c8ze C\u00f4te d&#039;Azur | Find The Best Opportunities\" \/>\n<meta property=\"og:description\" content=\"Buy Land and Build a Villa in \u00c8ze exceptional district of Cote d&#039;Azur offering a unique setting and incredible opportunities.\" \/>\n<meta property=\"og:url\" content=\"https:\/\/steyli.com\/estate\/france-eze\" \/>\n<meta property=\"og:site_name\" content=\"steyli\" \/>\n<meta property=\"article:modified_time\" content=\"2025-01-24T00:53:06+00:00\" \/>\n<meta property=\"og:image\" content=\"https:\/\/steyli.com\/estate\/wp-content\/uploads\/2025\/01\/provincealicante.png\" \/>\n\t<meta property=\"og:image:width\" content=\"1000\" \/>\n\t<meta property=\"og:image:height\" content=\"580\" \/>\n\t<meta property=\"og:image:type\" content=\"image\/png\" \/>\n<meta name=\"twitter:card\" content=\"summary_large_image\" \/>\n<meta name=\"twitter:label1\" content=\"Est. reading time\" \/>\n\t<meta name=\"twitter:data1\" content=\"1 minute\" \/>\n<script type=\"application\/ld+json\" class=\"yoast-schema-graph\">{\"@context\":\"https:\/\/schema.org\",\"@graph\":[{\"@type\":\"WebPage\",\"@id\":\"https:\/\/steyli.com\/estate\/france-eze\",\"url\":\"https:\/\/steyli.com\/estate\/france-eze\",\"name\":\"Buy Land in Cote d'Azur-\u00c8ze C\u00f4te d'Azur | Find The Best Opportunities\",\"isPartOf\":{\"@id\":\"https:\/\/steyli.com\/estate\/#website\"},\"primaryImageOfPage\":{\"@id\":\"https:\/\/steyli.com\/estate\/france-eze#primaryimage\"},\"image\":{\"@id\":\"https:\/\/steyli.com\/estate\/france-eze#primaryimage\"},\"thumbnailUrl\":\"https:\/\/steyli.com\/estate\/wp-content\/uploads\/2025\/01\/provincealicante.png\",\"datePublished\":\"2025-01-24T00:51:12+00:00\",\"dateModified\":\"2025-01-24T00:53:06+00:00\",\"description\":\"Buy Land and Build a Villa in \u00c8ze exceptional district of Cote d'Azur offering a unique setting and incredible opportunities.\",\"breadcrumb\":{\"@id\":\"https:\/\/steyli.com\/estate\/france-eze#breadcrumb\"},\"inLanguage\":\"en-US\",\"potentialAction\":[{\"@type\":\"ReadAction\",\"target\":[\"https:\/\/steyli.com\/estate\/france-eze\"]}]},{\"@type\":\"ImageObject\",\"inLanguage\":\"en-US\",\"@id\":\"https:\/\/steyli.com\/estate\/france-eze#primaryimage\",\"url\":\"https:\/\/steyli.com\/estate\/wp-content\/uploads\/2025\/01\/provincealicante.png\",\"contentUrl\":\"https:\/\/steyli.com\/estate\/wp-content\/uploads\/2025\/01\/provincealicante.png\",\"width\":1000,\"height\":580},{\"@type\":\"BreadcrumbList\",\"@id\":\"https:\/\/steyli.com\/estate\/france-eze#breadcrumb\",\"itemListElement\":[{\"@type\":\"ListItem\",\"position\":1,\"name\":\"Home\",\"item\":\"https:\/\/steyli.com\/estate\/\"},{\"@type\":\"ListItem\",\"position\":2,\"name\":\"France-\u00c8ze\"}]},{\"@type\":\"WebSite\",\"@id\":\"https:\/\/steyli.com\/estate\/#website\",\"url\":\"https:\/\/steyli.com\/estate\/\",\"name\":\"steyli\",\"description\":\"\",\"potentialAction\":[{\"@type\":\"SearchAction\",\"target\":{\"@type\":\"EntryPoint\",\"urlTemplate\":\"https:\/\/steyli.com\/estate\/?s={search_term_string}\"},\"query-input\":{\"@type\":\"PropertyValueSpecification\",\"valueRequired\":true,\"valueName\":\"search_term_string\"}}],\"inLanguage\":\"en-US\"}]}<\/script>\n<!-- \/ Yoast SEO plugin. -->","yoast_head_json":{"title":"Buy Land in Cote d'Azur-\u00c8ze C\u00f4te d'Azur | Find The Best Opportunities","description":"Buy Land and Build a Villa in \u00c8ze exceptional district of Cote d'Azur offering a unique setting and incredible opportunities.","robots":{"index":"index","follow":"follow","max-snippet":"max-snippet:-1","max-image-preview":"max-image-preview:large","max-video-preview":"max-video-preview:-1"},"canonical":"https:\/\/steyli.com\/estate\/france-eze","og_locale":"en_US","og_type":"article","og_title":"Buy Land in Cote d'Azur-\u00c8ze C\u00f4te d'Azur | Find The Best Opportunities","og_description":"Buy Land and Build a Villa in \u00c8ze exceptional district of Cote d'Azur offering a unique setting and incredible opportunities.","og_url":"https:\/\/steyli.com\/estate\/france-eze","og_site_name":"steyli","article_modified_time":"2025-01-24T00:53:06+00:00","og_image":[{"width":1000,"height":580,"url":"https:\/\/steyli.com\/estate\/wp-content\/uploads\/2025\/01\/provincealicante.png","type":"image\/png"}],"twitter_card":"summary_large_image","twitter_misc":{"Est. reading time":"1 minute"},"schema":{"@context":"https:\/\/schema.org","@graph":[{"@type":"WebPage","@id":"https:\/\/steyli.com\/estate\/france-eze","url":"https:\/\/steyli.com\/estate\/france-eze","name":"Buy Land in Cote d'Azur-\u00c8ze C\u00f4te d'Azur | Find The Best Opportunities","isPartOf":{"@id":"https:\/\/steyli.com\/estate\/#website"},"primaryImageOfPage":{"@id":"https:\/\/steyli.com\/estate\/france-eze#primaryimage"},"image":{"@id":"https:\/\/steyli.com\/estate\/france-eze#primaryimage"},"thumbnailUrl":"https:\/\/steyli.com\/estate\/wp-content\/uploads\/2025\/01\/provincealicante.png","datePublished":"2025-01-24T00:51:12+00:00","dateModified":"2025-01-24T00:53:06+00:00","description":"Buy Land and Build a Villa in \u00c8ze exceptional district of Cote d'Azur offering a unique setting and incredible opportunities.","breadcrumb":{"@id":"https:\/\/steyli.com\/estate\/france-eze#breadcrumb"},"inLanguage":"en-US","potentialAction":[{"@type":"ReadAction","target":["https:\/\/steyli.com\/estate\/france-eze"]}]},{"@type":"ImageObject","inLanguage":"en-US","@id":"https:\/\/steyli.com\/estate\/france-eze#primaryimage","url":"https:\/\/steyli.com\/estate\/wp-content\/uploads\/2025\/01\/provincealicante.png","contentUrl":"https:\/\/steyli.com\/estate\/wp-content\/uploads\/2025\/01\/provincealicante.png","width":1000,"height":580},{"@type":"BreadcrumbList","@id":"https:\/\/steyli.com\/estate\/france-eze#breadcrumb","itemListElement":[{"@type":"ListItem","position":1,"name":"Home","item":"https:\/\/steyli.com\/estate\/"},{"@type":"ListItem","position":2,"name":"France-\u00c8ze"}]},{"@type":"WebSite","@id":"https:\/\/steyli.com\/estate\/#website","url":"https:\/\/steyli.com\/estate\/","name":"steyli","description":"","potentialAction":[{"@type":"SearchAction","target":{"@type":"EntryPoint","urlTemplate":"https:\/\/steyli.com\/estate\/?s={search_term_string}"},"query-input":{"@type":"PropertyValueSpecification","valueRequired":true,"valueName":"search_term_string"}}],"inLanguage":"en-US"}]}},"acf":[],"_links":{"self":[{"href":"https:\/\/steyli.com\/estate\/wp-json\/wp\/v2\/pages\/276","targetHints":{"allow":["GET"]}}],"collection":[{"href":"https:\/\/steyli.com\/estate\/wp-json\/wp\/v2\/pages"}],"about":[{"href":"https:\/\/steyli.com\/estate\/wp-json\/wp\/v2\/types\/page"}],"author":[{"embeddable":true,"href":"https:\/\/steyli.com\/estate\/wp-json\/wp\/v2\/users\/1"}],"replies":[{"embeddable":true,"href":"https:\/\/steyli.com\/estate\/wp-json\/wp\/v2\/comments?post=276"}],"version-history":[{"count":4,"href":"https:\/\/steyli.com\/estate\/wp-json\/wp\/v2\/pages\/276\/revisions"}],"predecessor-version":[{"id":280,"href":"https:\/\/steyli.com\/estate\/wp-json\/wp\/v2\/pages\/276\/revisions\/280"}],"wp:attachment":[{"href":"https:\/\/steyli.com\/estate\/wp-json\/wp\/v2\/media?parent=276"}],"curies":[{"name":"wp","href":"https:\/\/api.w.org\/{rel}","templated":true}]}}